{"id":294,"date":"2024-06-05T08:44:49","date_gmt":"2024-06-05T08:44:49","guid":{"rendered":"https:\/\/staging.capannamotterascio.casticino.ch\/?page_id=294"},"modified":"2026-01-28T15:52:04","modified_gmt":"2026-01-28T15:52:04","slug":"trekking-greina-alta-di-3-giorni-de","status":"publish","type":"page","link":"https:\/\/capannamotterascio.casticino.ch\/?page_id=294&lang=de","title":{"rendered":"Trekking Greina Alta di 3 giorni &#8211; DE"},"content":{"rendered":"\n<div class=\"wp-block-stackable-card stk-block-card stk-block stk-b9fb092 is-style-default\" data-v=\"2\" data-block-id=\"b9fb092\"><div class=\"stk--no-padding stk-container stk-b9fb092-container stk-hover-parent\"><figure class=\"stk-block-card__image stk-img-wrapper stk-image--shape-stretch\"><img loading=\"lazy\" decoding=\"async\" class=\"stk-img wp-image-278\" src=\"https:\/\/staging.capannamotterascio.casticino.ch\/wp-content\/uploads\/2024\/06\/greina_alta_01.png\" width=\"987\" height=\"640\" srcset=\"https:\/\/capannamotterascio.casticino.ch\/wp-content\/uploads\/2024\/06\/greina_alta_01.png 987w, https:\/\/capannamotterascio.casticino.ch\/wp-content\/uploads\/2024\/06\/greina_alta_01-300x195.png 300w, https:\/\/capannamotterascio.casticino.ch\/wp-content\/uploads\/2024\/06\/greina_alta_01-768x498.png 768w\" sizes=\"auto, (max-width: 987px) 100vw, 987px\" \/><\/figure><div class=\"stk-container-padding stk-block-card__content\"><div class=\"stk-block-content stk-inner-blocks stk-b9fb092-inner-blocks\">\n<div class=\"wp-block-stackable-heading stk-block-heading stk-block-heading--v2 stk-block stk-d3b3548\" id=\"3-tages-trekking-greina-alta\" data-block-id=\"d3b3548\"><h2 class=\"stk-block-heading__text\">3-Tages Trekking Greina Alta<\/h2><\/div>\n\n\n\n<div class=\"wp-block-stackable-subtitle stk-block-subtitle stk-block stk-0d297dc\" data-block-id=\"0d297dc\"><p class=\"stk-block-subtitle__text stk-subtitle\">Camona da Medel \u2013 Capanna Michela Motterascio \u2013 L\u00e4ntah\u00fctte<\/p><\/div>\n\n\n\n<p>Das Greina-Alta-Trekking richtet sich an Wanderer mit mittlerer oder grosser Erfahrung, f\u00fchrt von Disentis nach Vals und steht ganz im Zeichen der Zahl 3. So \u00fcberquert man eine Alpenregion mit 3 verschiedenen H\u00fctten (alle drei vom SAC), die mit 3 verschiedenen Kulturen, 3 verschiedenen Sprachen und 3 verschiedenartigen, imposanten Gipfel aufwarten. Wanderer, die diesen wundersch\u00f6nen Weg begehen m\u00f6chten, m\u00fcssen nur bei einer der 3 H\u00fctten ein Pauschalangebot buchen.<\/p>\n\n\n\n<p>\u2192 Tag 1: (Disentis) Curaglia 1332 m \u279c Val Platta \u279c Alp Sura 1982 m \u279c Camona da Medel CAS 2524 m (3.5 h \/ T3)<br>\u2192 Tag 2: Camona da Medel CAS \u279c Fuorcla Sura da Lavaz 2759 m \u279c Passo della Greina 2355 m \u279c Crap la Crusch 2268 m \u279c Capanna Michela Motterascio CAS 2172 m (6 h \/ T4)<br>\u2192 Tag 3: Capanna Michela Motterascio CAS \u279c Lago di Luzzone \u279c Larecc 1633 m \u279c Val Scaradra \u279c Passo Soreda 2759 m \u279c L\u00e4ntatal \u279c L\u00e4ntah\u00fctte 2090 m (7 h \/ T3)<br>\u2192 Tag 4: L\u00e4ntah\u00fctte \u279c Furggelti 2712 m \u279c Zevreilasee 1862 m \u279c Zevreila (Vals), (5 h \/ T3)<br><br>Empfohlene Jahreszeit: Mitte Juli &#8211; Anfang Oktober.<br>Homepage:\u00a0<a href=\"http:\/\/www.greinaalta.ch\/index_it.html\" target=\"_blank\" rel=\"noreferrer noopener\">www.greinaalta.ch<\/a><\/p>\n\n\n\n<div style=\"height:49px\" aria-hidden=\"true\" class=\"wp-block-spacer\"><\/div>\n\n\n\n<p><strong>Technische Eigenschaften<\/strong><br>L\u00e4nge: 45 km<br>H\u00f6henunterschied: 4&#8217;200 Meter<br>Zeit: 3 Tage, 6-8 h pro Tag<br>Schwierigkeitsgrad: T3 \/ T4<br>Zu sehen: Val Platta, Fuorcla Sura da Lavaz, Greina, Lago di Luzzone, Val Scaradra, L\u00e4ntatal, Zevreilasee<\/p>\n\n\n\n<div style=\"height:49px\" aria-hidden=\"true\" class=\"wp-block-spacer\"><\/div>\n\n\n\n<div class=\"wp-block-stackable-button-group stk-block-button-group stk-block stk-04dddd4\" data-block-id=\"04dddd4\"><div class=\"stk-row stk-inner-blocks stk-block-content stk-button-group\">\n<div class=\"wp-block-stackable-button stk-block-button stk-block stk-6ff6a05\" data-block-id=\"6ff6a05\"><style>.stk-6ff6a05 .stk-button{background:#477081 !important;}<\/style><a class=\"stk-link stk-button stk--hover-effect-darken\" href=\"https:\/\/map.schweizmobil.ch\/?lang=de&amp;showLogin=true&amp;bgLayer=pk&amp;season=summer&amp;resolution=17.65&amp;E=2718864&amp;N=1162797&amp;photos=yes&amp;logo=yes&amp;detours=yes&amp;layers=Wanderland&amp;trackId=4230099\" target=\"_blank\" rel=\"noreferrer noopener\"><span class=\"stk-button__inner-text\">LANDKARTE<\/span><\/a><\/div>\n<\/div><\/div>\n\n\n\n<figure class=\"wp-block-gallery has-nested-images columns-default is-cropped wp-block-gallery-1 is-layout-flex wp-block-gallery-is-layout-flex\">\n<figure class=\"wp-block-image size-large\"><img loading=\"lazy\" decoding=\"async\" width=\"1024\" height=\"665\" data-id=\"279\" src=\"https:\/\/staging.capannamotterascio.casticino.ch\/wp-content\/uploads\/2024\/06\/greina_alta_02-1024x665.png\" alt=\"\" class=\"wp-image-279\" srcset=\"https:\/\/capannamotterascio.casticino.ch\/wp-content\/uploads\/2024\/06\/greina_alta_02-1024x665.png 1024w, https:\/\/capannamotterascio.casticino.ch\/wp-content\/uploads\/2024\/06\/greina_alta_02-300x195.png 300w, https:\/\/capannamotterascio.casticino.ch\/wp-content\/uploads\/2024\/06\/greina_alta_02-768x499.png 768w, https:\/\/capannamotterascio.casticino.ch\/wp-content\/uploads\/2024\/06\/greina_alta_02.png 1090w\" sizes=\"auto, (max-width: 1024px) 100vw, 1024px\" \/><\/figure>\n\n\n\n<figure class=\"wp-block-image size-full\"><img loading=\"lazy\" decoding=\"async\" width=\"987\" height=\"640\" data-id=\"278\" src=\"https:\/\/staging.capannamotterascio.casticino.ch\/wp-content\/uploads\/2024\/06\/greina_alta_01.png\" alt=\"\" class=\"wp-image-278\" srcset=\"https:\/\/capannamotterascio.casticino.ch\/wp-content\/uploads\/2024\/06\/greina_alta_01.png 987w, https:\/\/capannamotterascio.casticino.ch\/wp-content\/uploads\/2024\/06\/greina_alta_01-300x195.png 300w, https:\/\/capannamotterascio.casticino.ch\/wp-content\/uploads\/2024\/06\/greina_alta_01-768x498.png 768w\" sizes=\"auto, (max-width: 987px) 100vw, 987px\" \/><\/figure>\n\n\n\n<figure class=\"wp-block-image size-large\"><img loading=\"lazy\" decoding=\"async\" width=\"1024\" height=\"593\" data-id=\"277\" src=\"https:\/\/staging.capannamotterascio.casticino.ch\/wp-content\/uploads\/2024\/06\/greina_alta_03-1024x593.png\" alt=\"\" class=\"wp-image-277\" srcset=\"https:\/\/capannamotterascio.casticino.ch\/wp-content\/uploads\/2024\/06\/greina_alta_03-1024x593.png 1024w, https:\/\/capannamotterascio.casticino.ch\/wp-content\/uploads\/2024\/06\/greina_alta_03-300x174.png 300w, https:\/\/capannamotterascio.casticino.ch\/wp-content\/uploads\/2024\/06\/greina_alta_03-768x445.png 768w, https:\/\/capannamotterascio.casticino.ch\/wp-content\/uploads\/2024\/06\/greina_alta_03.png 1200w\" sizes=\"auto, (max-width: 1024px) 100vw, 1024px\" \/><\/figure>\n<\/figure>\n<\/div><\/div><\/div><\/div>\n","protected":false},"excerpt":{"rendered":"<p>3-Tages Trekking Greina Alta Camona da Medel \u2013 Capanna Michela Motterascio \u2013 L\u00e4ntah\u00fctte Das Greina-Alta-Trekking richtet sich an Wanderer mit mittlerer oder grosser Erfahrung, f\u00fchrt von Disentis nach Vals und steht ganz im Zeichen der Zahl 3. So \u00fcberquert man eine Alpenregion mit 3 verschiedenen H\u00fctten (alle drei vom SAC), die mit 3 verschiedenen Kulturen, [&hellip;]<\/p>\n","protected":false},"author":2,"featured_media":0,"parent":0,"menu_order":0,"comment_status":"closed","ping_status":"closed","template":"","meta":{"pgc_sgb_lightbox_settings":"","footnotes":""},"class_list":["post-294","page","type-page","status-publish","hentry"],"_links":{"self":[{"href":"https:\/\/capannamotterascio.casticino.ch\/index.php?rest_route=\/wp\/v2\/pages\/294","targetHints":{"allow":["GET"]}}],"collection":[{"href":"https:\/\/capannamotterascio.casticino.ch\/index.php?rest_route=\/wp\/v2\/pages"}],"about":[{"href":"https:\/\/capannamotterascio.casticino.ch\/index.php?rest_route=\/wp\/v2\/types\/page"}],"author":[{"embeddable":true,"href":"https:\/\/capannamotterascio.casticino.ch\/index.php?rest_route=\/wp\/v2\/users\/2"}],"replies":[{"embeddable":true,"href":"https:\/\/capannamotterascio.casticino.ch\/index.php?rest_route=%2Fwp%2Fv2%2Fcomments&post=294"}],"version-history":[{"count":5,"href":"https:\/\/capannamotterascio.casticino.ch\/index.php?rest_route=\/wp\/v2\/pages\/294\/revisions"}],"predecessor-version":[{"id":753,"href":"https:\/\/capannamotterascio.casticino.ch\/index.php?rest_route=\/wp\/v2\/pages\/294\/revisions\/753"}],"wp:attachment":[{"href":"https:\/\/capannamotterascio.casticino.ch\/index.php?rest_route=%2Fwp%2Fv2%2Fmedia&parent=294"}],"curies":[{"name":"wp","href":"https:\/\/api.w.org\/{rel}","templated":true}]}}