{"id":288,"date":"2024-06-05T08:40:05","date_gmt":"2024-06-05T08:40:05","guid":{"rendered":"https:\/\/staging.capannamotterascio.casticino.ch\/?page_id=288"},"modified":"2026-01-28T15:47:36","modified_gmt":"2026-01-28T15:47:36","slug":"proposte-per-gite-de","status":"publish","type":"page","link":"https:\/\/capannamotterascio.casticino.ch\/?page_id=288&lang=de","title":{"rendered":"PROPOSTE PER GITE &#8211; DE"},"content":{"rendered":"\n<h3 class=\"wp-block-heading\">6 Vorschl\u00e4ge f\u00fcr Touren von der H\u00fctte aus<\/h3>\n\n\n\n<div style=\"height:49px\" aria-hidden=\"true\" class=\"wp-block-spacer\"><\/div>\n\n\n\n<p>Den Wanderern und Bergsteigern, denen mehrere Tage zur Verf\u00fcgung stehen, schlagen wir hier einige Wandertouren vor. Jede Tour wird euch verzaubern und erlaubt es, sich ganz und gar der Magie und Poesie der Greina hinzugeben, welche sie so einzigartig machen. Fast alle Touren beginnen und enden bei der Capanna Michela Motterascio.<\/p>\n\n\n\n<div style=\"height:49px\" aria-hidden=\"true\" class=\"wp-block-spacer\"><\/div>\n\n\n\n<div class=\"wp-block-stackable-feature-grid alignwide stk-block-feature-grid stk-block-columns stk-block stk-1527591 is-style-default\" data-block-id=\"1527591\"><div class=\"stk-row stk-inner-blocks has-text-align-center stk-block-content stk-content-align stk-1527591-column alignwide\">\n<div class=\"wp-block-stackable-column stk-block-column stk-column stk-block stk-7f97c19\" data-v=\"4\" data-block-id=\"7f97c19\"><div class=\"stk-column-wrapper stk-block-column__content stk-container stk-7f97c19-container stk-hover-parent\"><div class=\"stk-block-content stk-inner-blocks stk-7f97c19-inner-blocks\">\n<div class=\"wp-block-stackable-image stk-block-image stk-block stk-d041862\" data-block-id=\"d041862\"><figure><span class=\"stk-img-wrapper stk-image--shape-stretch\"><img loading=\"lazy\" decoding=\"async\" class=\"stk-img wp-image-249\" src=\"https:\/\/staging.capannamotterascio.casticino.ch\/wp-content\/uploads\/2024\/06\/A_39_Crap-la-Crusch-\u00a9-Cristian-Scapozza-e1522295401862.jpg\" width=\"1920\" height=\"1280\" srcset=\"https:\/\/capannamotterascio.casticino.ch\/wp-content\/uploads\/2024\/06\/A_39_Crap-la-Crusch-\u00a9-Cristian-Scapozza-e1522295401862.jpg 1920w, https:\/\/capannamotterascio.casticino.ch\/wp-content\/uploads\/2024\/06\/A_39_Crap-la-Crusch-\u00a9-Cristian-Scapozza-e1522295401862-300x200.jpg 300w, https:\/\/capannamotterascio.casticino.ch\/wp-content\/uploads\/2024\/06\/A_39_Crap-la-Crusch-\u00a9-Cristian-Scapozza-e1522295401862-1024x683.jpg 1024w, https:\/\/capannamotterascio.casticino.ch\/wp-content\/uploads\/2024\/06\/A_39_Crap-la-Crusch-\u00a9-Cristian-Scapozza-e1522295401862-768x512.jpg 768w, https:\/\/capannamotterascio.casticino.ch\/wp-content\/uploads\/2024\/06\/A_39_Crap-la-Crusch-\u00a9-Cristian-Scapozza-e1522295401862-1536x1024.jpg 1536w\" sizes=\"auto, (max-width: 1920px) 100vw, 1920px\" \/><\/span><\/figure><\/div>\n\n\n\n<div class=\"wp-block-stackable-heading stk-block-heading stk-block-heading--v2 stk-block stk-1aa0cce\" id=\"a-crap-la-crusch\" data-block-id=\"1aa0cce\"><h3 class=\"stk-block-heading__text\">A: Crap la Crusch <\/h3><\/div>\n\n\n\n<p class=\"has-text-align-left\"><strong>L\u00e4nge<\/strong>: 6 km<br><strong>H\u00f6henunterschied<\/strong>: 180&nbsp;Meter<br><strong>Zeit<\/strong>: 2 h<br><strong>Schwierigkeitsgrad<\/strong>: T2<br><strong>Zu sehen<\/strong>: Alpe Motterascio, Crap la Crusch, Ri di Motterascio<br><\/p>\n\n\n\n<div class=\"wp-block-stackable-button-group stk-block-button-group stk-block stk-175bfc1\" data-block-id=\"175bfc1\"><div class=\"stk-row stk-inner-blocks stk-block-content stk-button-group\">\n<div class=\"wp-block-stackable-button stk-block-button stk-block stk-f74af0c\" data-block-id=\"f74af0c\"><style>.stk-f74af0c .stk-button{background:#477081 !important;}<\/style><a class=\"stk-link stk-button stk--hover-effect-darken\" href=\"https:\/\/capannamotterascio.casticino.ch\/wp-content\/uploads\/2024\/06\/A-Crap-la-Crusch-DE.pdf\" target=\"_blank\" rel=\"noreferrer noopener\"><span class=\"stk-button__inner-text\">DETAILS<\/span><\/a><\/div>\n<\/div><\/div>\n<\/div><\/div><\/div>\n\n\n\n<div class=\"wp-block-stackable-column stk-block-column stk-column stk-block stk-8425de3\" data-v=\"4\" data-block-id=\"8425de3\"><div class=\"stk-column-wrapper stk-block-column__content stk-container stk-8425de3-container stk-hover-parent\"><div class=\"stk-block-content stk-inner-blocks stk-8425de3-inner-blocks\">\n<div class=\"wp-block-stackable-image stk-block-image stk-block stk-1e965c9\" data-block-id=\"1e965c9\"><figure><span class=\"stk-img-wrapper stk-image--shape-stretch\"><img loading=\"lazy\" decoding=\"async\" class=\"stk-img wp-image-250\" src=\"https:\/\/staging.capannamotterascio.casticino.ch\/wp-content\/uploads\/2024\/06\/B_6_Piz-Terri-\u00a9-Marco-Volken.jpg\" width=\"1920\" height=\"1282\" srcset=\"https:\/\/capannamotterascio.casticino.ch\/wp-content\/uploads\/2024\/06\/B_6_Piz-Terri-\u00a9-Marco-Volken.jpg 1920w, https:\/\/capannamotterascio.casticino.ch\/wp-content\/uploads\/2024\/06\/B_6_Piz-Terri-\u00a9-Marco-Volken-300x200.jpg 300w, https:\/\/capannamotterascio.casticino.ch\/wp-content\/uploads\/2024\/06\/B_6_Piz-Terri-\u00a9-Marco-Volken-1024x684.jpg 1024w, https:\/\/capannamotterascio.casticino.ch\/wp-content\/uploads\/2024\/06\/B_6_Piz-Terri-\u00a9-Marco-Volken-768x513.jpg 768w, https:\/\/capannamotterascio.casticino.ch\/wp-content\/uploads\/2024\/06\/B_6_Piz-Terri-\u00a9-Marco-Volken-1536x1026.jpg 1536w\" sizes=\"auto, (max-width: 1920px) 100vw, 1920px\" \/><\/span><\/figure><\/div>\n\n\n\n<div class=\"wp-block-stackable-heading stk-block-heading stk-block-heading--v2 stk-block stk-8505254\" id=\"b-piz-terri\" data-block-id=\"8505254\"><h3 class=\"stk-block-heading__text\">B: Piz Terri<\/h3><\/div>\n\n\n\n<div class=\"wp-block-stackable-text stk-block-text stk-block stk-3a04ac7\" data-block-id=\"3a04ac7\"><p class=\"stk-block-text__text has-text-align-left\"><strong>L\u00e4nge<\/strong>: 11 km <br><strong>H\u00f6henunterschied<\/strong>: 1100&nbsp;Meter<br><strong>Zeit<\/strong>: ca. 6 h<br><strong>Schwierigkeitsgrad<\/strong>: T3 \/ T4<br><strong>Zu sehen<\/strong>: Valle di G\u00fcida, Piz Terri, Laghet la Greina, Val Canal, Crap la Crusch<br><br><\/p><\/div>\n\n\n\n<div class=\"wp-block-stackable-button-group stk-block-button-group stk-block stk-db41edf\" data-block-id=\"db41edf\"><div class=\"stk-row stk-inner-blocks stk-block-content stk-button-group\">\n<div class=\"wp-block-stackable-button stk-block-button stk-block stk-7cc5d94\" data-block-id=\"7cc5d94\"><style>.stk-7cc5d94 .stk-button{background:#477081 !important;}<\/style><a class=\"stk-link stk-button stk--hover-effect-darken\" href=\"https:\/\/capannamotterascio.casticino.ch\/wp-content\/uploads\/2024\/06\/B-Piz-Terri-DE.pdf\" target=\"_blank\" rel=\"noreferrer noopener\"><span class=\"stk-button__inner-text\">DETAILS<\/span><\/a><\/div>\n<\/div><\/div>\n<\/div><\/div><\/div>\n\n\n\n<div class=\"wp-block-stackable-column stk-block-column stk-column stk-block stk-47ffc1a\" data-v=\"4\" data-block-id=\"47ffc1a\"><div class=\"stk-column-wrapper stk-block-column__content stk-container stk-47ffc1a-container stk-hover-parent\"><div class=\"stk-block-content stk-inner-blocks stk-47ffc1a-inner-blocks\">\n<div class=\"wp-block-stackable-image stk-block-image stk-block stk-9d6e8c7\" data-block-id=\"9d6e8c7\"><style>.stk-9d6e8c7 {margin-bottom:17px !important;}.stk-9d6e8c7 .stk-img-wrapper{width:100% !important;height:185px !important;}<\/style><figure><span class=\"stk-img-wrapper stk-image--shape-stretch\"><img loading=\"lazy\" decoding=\"async\" class=\"stk-img wp-image-251\" src=\"https:\/\/staging.capannamotterascio.casticino.ch\/wp-content\/uploads\/2024\/06\/C_48_Arco-\u00a9-Denis-Vanbianchi.jpg\" width=\"1920\" height=\"1272\" srcset=\"https:\/\/capannamotterascio.casticino.ch\/wp-content\/uploads\/2024\/06\/C_48_Arco-\u00a9-Denis-Vanbianchi.jpg 1920w, https:\/\/capannamotterascio.casticino.ch\/wp-content\/uploads\/2024\/06\/C_48_Arco-\u00a9-Denis-Vanbianchi-300x199.jpg 300w, https:\/\/capannamotterascio.casticino.ch\/wp-content\/uploads\/2024\/06\/C_48_Arco-\u00a9-Denis-Vanbianchi-1024x678.jpg 1024w, https:\/\/capannamotterascio.casticino.ch\/wp-content\/uploads\/2024\/06\/C_48_Arco-\u00a9-Denis-Vanbianchi-768x509.jpg 768w, https:\/\/capannamotterascio.casticino.ch\/wp-content\/uploads\/2024\/06\/C_48_Arco-\u00a9-Denis-Vanbianchi-1536x1018.jpg 1536w\" sizes=\"auto, (max-width: 1920px) 100vw, 1920px\" \/><\/span><\/figure><\/div>\n\n\n\n<div class=\"wp-block-stackable-heading stk-block-heading stk-block-heading--v2 stk-block stk-69843d0\" id=\"c-pizzo-coroi-capanna-scaletta\" data-block-id=\"69843d0\"><h3 class=\"stk-block-heading__text\">C: Pizzo Coroi \/ Capanna Scaletta<\/h3><\/div>\n\n\n\n<p class=\"has-text-align-left\"><strong>L\u00e4nge<\/strong>: 15&nbsp;km<br><strong>H\u00f6henunterschied<\/strong>: 900&nbsp;Meter<br><strong>Zeit<\/strong>: ca. 6 h<br><strong>Schwierigkeitsgrad<\/strong>: T3<br><strong>Zu sehen<\/strong>: Pizzo Coroi, Arco della Greina, M\u00e4ander, Felsnadeln, Quellgebiete des Brenno, Quellgebiete des Rein da Sumvitg (Rhein), Crap la Crusch<\/p>\n\n\n\n<div class=\"wp-block-stackable-button-group stk-block-button-group stk-block stk-2f6a62a\" data-block-id=\"2f6a62a\"><div class=\"stk-row stk-inner-blocks stk-block-content stk-button-group\">\n<div class=\"wp-block-stackable-button stk-block-button stk-block stk-edece5f\" data-block-id=\"edece5f\"><style>.stk-edece5f .stk-button{background:#477081 !important;}<\/style><a class=\"stk-link stk-button stk--hover-effect-darken\" href=\"https:\/\/capannamotterascio.casticino.ch\/wp-content\/uploads\/2024\/06\/C-Pizzo-Coroi-Capanna-Scaletta-DE.pdf\" target=\"_blank\" rel=\"noreferrer noopener\"><span class=\"stk-button__inner-text\">DETAILS<\/span><\/a><\/div>\n<\/div><\/div>\n<\/div><\/div><\/div>\n<\/div><\/div>\n\n\n\n<div class=\"wp-block-stackable-feature-grid alignwide stk-block-feature-grid stk-block-columns stk-block stk-5e603a9 is-style-default\" data-block-id=\"5e603a9\"><div class=\"stk-row stk-inner-blocks has-text-align-center stk-block-content stk-content-align stk-5e603a9-column alignwide\">\n<div class=\"wp-block-stackable-column stk-block-column stk-column stk-block stk-e9877a0\" data-v=\"4\" data-block-id=\"e9877a0\"><div class=\"stk-column-wrapper stk-block-column__content stk-container stk-e9877a0-container stk-hover-parent\"><div class=\"stk-block-content stk-inner-blocks stk-e9877a0-inner-blocks\">\n<div class=\"wp-block-stackable-image stk-block-image stk-block stk-08fb247\" data-block-id=\"08fb247\"><style>.stk-08fb247 .stk-img-wrapper{width:100% !important;height:200px !important;}<\/style><figure><span class=\"stk-img-wrapper stk-image--shape-stretch\"><img loading=\"lazy\" decoding=\"async\" class=\"stk-img wp-image-253\" src=\"https:\/\/staging.capannamotterascio.casticino.ch\/wp-content\/uploads\/2024\/06\/D_5_Piano-della-Greina-e-Plaun-la-Greina-\u00a9-Marco-Volken.jpg\" width=\"1920\" height=\"1275\" srcset=\"https:\/\/capannamotterascio.casticino.ch\/wp-content\/uploads\/2024\/06\/D_5_Piano-della-Greina-e-Plaun-la-Greina-\u00a9-Marco-Volken.jpg 1920w, https:\/\/capannamotterascio.casticino.ch\/wp-content\/uploads\/2024\/06\/D_5_Piano-della-Greina-e-Plaun-la-Greina-\u00a9-Marco-Volken-300x199.jpg 300w, https:\/\/capannamotterascio.casticino.ch\/wp-content\/uploads\/2024\/06\/D_5_Piano-della-Greina-e-Plaun-la-Greina-\u00a9-Marco-Volken-1024x680.jpg 1024w, https:\/\/capannamotterascio.casticino.ch\/wp-content\/uploads\/2024\/06\/D_5_Piano-della-Greina-e-Plaun-la-Greina-\u00a9-Marco-Volken-768x510.jpg 768w, https:\/\/capannamotterascio.casticino.ch\/wp-content\/uploads\/2024\/06\/D_5_Piano-della-Greina-e-Plaun-la-Greina-\u00a9-Marco-Volken-1536x1020.jpg 1536w\" sizes=\"auto, (max-width: 1920px) 100vw, 1920px\" \/><\/span><\/figure><\/div>\n\n\n\n<div class=\"wp-block-stackable-heading stk-block-heading stk-block-heading--v2 stk-block stk-803ace5\" id=\"d-plaun-la-greina-terrihutte-br\" data-block-id=\"803ace5\"><style>.stk-803ace5 {margin-bottom:0px !important;}<\/style><h3 class=\"stk-block-heading__text\">D: Plaun la Greina \/ Terrih\u00fctte<br><\/h3><\/div>\n\n\n\n<p class=\"has-text-align-left\"><br><strong>L\u00e4nge<\/strong>: 13&nbsp;km<br><strong>H\u00f6henunterschied<\/strong>: 400&nbsp;Meter<br><strong>Zeit<\/strong>: ca. 4 h<br><strong>Schwierigkeitsgrad<\/strong>: T2<br><strong>Zu sehen<\/strong>: Quellen des Rein da Sunvitg (Rhein), M\u00e4ander, Torfmoore, parallele Terrassen, grasbewachsene Polster, Muot la Greina, Ri di Motterascio<br><br><\/p>\n\n\n\n<div class=\"wp-block-stackable-button-group stk-block-button-group stk-block stk-d81616b\" data-block-id=\"d81616b\"><div class=\"stk-row stk-inner-blocks stk-block-content stk-button-group\">\n<div class=\"wp-block-stackable-button stk-block-button stk-block stk-7adb81b\" data-block-id=\"7adb81b\"><style>.stk-7adb81b .stk-button{background:#477081 !important;}<\/style><a class=\"stk-link stk-button stk--hover-effect-darken\" href=\"https:\/\/capannamotterascio.casticino.ch\/wp-content\/uploads\/2024\/06\/D-Plaun-la-Greina-Capanna-Terri-DE.pdf\" target=\"_blank\" rel=\"noreferrer noopener\"><span class=\"stk-button__inner-text\">DETAILS<\/span><\/a><\/div>\n<\/div><\/div>\n<\/div><\/div><\/div>\n\n\n\n<div class=\"wp-block-stackable-column stk-block-column stk-column stk-block stk-211741b\" data-v=\"4\" data-block-id=\"211741b\"><div class=\"stk-column-wrapper stk-block-column__content stk-container stk-211741b-container stk-hover-parent\"><div class=\"stk-block-content stk-inner-blocks stk-211741b-inner-blocks\">\n<div class=\"wp-block-stackable-image stk-block-image stk-block stk-aaffb89\" data-block-id=\"aaffb89\"><style>.stk-aaffb89 {margin-bottom:27px !important;}<\/style><figure><span class=\"stk-img-wrapper stk-image--shape-stretch\"><img loading=\"lazy\" decoding=\"async\" class=\"stk-img wp-image-254\" src=\"https:\/\/staging.capannamotterascio.casticino.ch\/wp-content\/uploads\/2024\/06\/E_52_Alpe-Larciolo-\u00a9-Christian-Medici.jpg\" width=\"1920\" height=\"1440\" srcset=\"https:\/\/capannamotterascio.casticino.ch\/wp-content\/uploads\/2024\/06\/E_52_Alpe-Larciolo-\u00a9-Christian-Medici.jpg 1920w, https:\/\/capannamotterascio.casticino.ch\/wp-content\/uploads\/2024\/06\/E_52_Alpe-Larciolo-\u00a9-Christian-Medici-300x225.jpg 300w, https:\/\/capannamotterascio.casticino.ch\/wp-content\/uploads\/2024\/06\/E_52_Alpe-Larciolo-\u00a9-Christian-Medici-1024x768.jpg 1024w, https:\/\/capannamotterascio.casticino.ch\/wp-content\/uploads\/2024\/06\/E_52_Alpe-Larciolo-\u00a9-Christian-Medici-768x576.jpg 768w, https:\/\/capannamotterascio.casticino.ch\/wp-content\/uploads\/2024\/06\/E_52_Alpe-Larciolo-\u00a9-Christian-Medici-1536x1152.jpg 1536w\" sizes=\"auto, (max-width: 1920px) 100vw, 1920px\" \/><\/span><\/figure><\/div>\n\n\n\n<div class=\"wp-block-stackable-heading stk-block-heading stk-block-heading--v2 stk-block stk-c319c7c\" id=\"e-val-larciolo\" data-block-id=\"c319c7c\"><h3 class=\"stk-block-heading__text\">E: Val Larciolo<\/h3><\/div>\n\n\n\n<div class=\"wp-block-stackable-text stk-block-text stk-block stk-82fa7c1\" data-block-id=\"82fa7c1\"><p class=\"stk-block-text__text has-text-align-left\"><strong>L\u00e4nge<\/strong>: 7 km <br><strong>H\u00f6henunterschied<\/strong>: 250 Meter<br><strong>Zeit<\/strong>: ca. 2 h<br><strong>Schwierigkeitsgrad<\/strong>: T2 \/ T3<br><strong>Zu sehen<\/strong>: Alpe Coroi, Alpe Larciolo, Alpe Garzotto<br><br><br><\/p><\/div>\n\n\n\n<div class=\"wp-block-stackable-button-group stk-block-button-group stk-block stk-315a401\" data-block-id=\"315a401\"><div class=\"stk-row stk-inner-blocks stk-block-content stk-button-group\">\n<div class=\"wp-block-stackable-button stk-block-button stk-block stk-84aeed3\" data-block-id=\"84aeed3\"><style>.stk-84aeed3 .stk-button{background:#477081 !important;}<\/style><a class=\"stk-link stk-button stk--hover-effect-darken\" href=\"https:\/\/capannamotterascio.casticino.ch\/wp-content\/uploads\/2024\/06\/E-Val-Larciolo-DE.pdf\" target=\"_blank\" rel=\"noreferrer noopener\"><span class=\"stk-button__inner-text\">DETAILS<\/span><\/a><\/div>\n<\/div><\/div>\n<\/div><\/div><\/div>\n\n\n\n<div class=\"wp-block-stackable-column stk-block-column stk-column stk-block stk-b3e7d17\" data-v=\"4\" data-block-id=\"b3e7d17\"><div class=\"stk-column-wrapper stk-block-column__content stk-container stk-b3e7d17-container stk-hover-parent\"><div class=\"stk-block-content stk-inner-blocks stk-b3e7d17-inner-blocks\">\n<div class=\"wp-block-stackable-image stk-block-image stk-block stk-c578b3f\" data-block-id=\"c578b3f\"><style>.stk-c578b3f {margin-bottom:27px !important;}.stk-c578b3f .stk-img-wrapper{width:100% !important;height:200px !important;}<\/style><figure><span class=\"stk-img-wrapper stk-image--shape-stretch\"><img loading=\"lazy\" decoding=\"async\" class=\"stk-img wp-image-383\" src=\"https:\/\/staging.capannaadula.casticino.ch\/wp-content\/uploads\/2024\/06\/crio_Cassimoi.jpg\" width=\"1500\" height=\"1002\"\/><\/span><\/figure><\/div>\n\n\n\n<div class=\"wp-block-stackable-heading stk-block-heading stk-block-heading--v2 stk-block stk-9896b30\" id=\"via-crio-etappe-7-und-etappe-8\" data-block-id=\"9896b30\"><h3 class=\"stk-block-heading__text\">Via Crio &#8211; etappe 7 und etappe 8 <\/h3><\/div>\n\n\n\n<div class=\"wp-block-stackable-text stk-block-text stk-block stk-96724f1\" data-block-id=\"96724f1\"><p class=\"stk-block-text__text has-text-align-left\"><br><strong>Etappe 7<\/strong>: <br><a href=\"https:\/\/www.viacrio.ch\/tappa7\" target=\"_blank\" rel=\"noreferrer noopener\">https:\/\/www.viacrio.ch\/tappa7<\/a> <br><br><strong><strong>Etappe <\/strong>8<\/strong>: <a href=\"https:\/\/www.viacrio.ch\/tappa8\" target=\"_blank\" rel=\"noreferrer noopener\">https:\/\/www.viacrio.ch\/tappa8<\/a><br><\/p><\/div>\n\n\n\n<div style=\"height:98px\" aria-hidden=\"true\" class=\"wp-block-spacer\"><\/div>\n\n\n\n<div class=\"wp-block-stackable-button-group stk-block-button-group stk-block stk-fd8378c\" data-block-id=\"fd8378c\"><style>.stk-fd8378c .stk-button-group{flex-direction:column !important;align-items:center !important;}.stk-fd8378c .stk-block{flex-basis:auto !important;}<\/style><div class=\"stk-row stk-inner-blocks has-text-align-center stk-block-content stk-button-group\">\n<div class=\"wp-block-stackable-button stk-block-button has-text-align-center stk-block stk-ae105b2\" data-block-id=\"ae105b2\"><style>.stk-ae105b2 .stk-button{background:#477081 !important;}<\/style><a class=\"stk-link stk-button stk--hover-effect-darken\" href=\"https:\/\/staging.capannamotterascio.casticino.ch\/wp-content\/uploads\/2025\/02\/PROSPETTOCRIO_DE.pdf\" target=\"_blank\" rel=\"noreferrer noopener\"><span class=\"stk-button__inner-text\">PROSPEKT VIA CRIO<\/span><\/a><\/div>\n\n\n\n<div class=\"wp-block-stackable-button stk-block-button has-text-align-center stk-block stk-ebb8b23\" data-block-id=\"ebb8b23\"><style>.stk-ebb8b23 .stk-button{background:#477081 !important;}<\/style><a class=\"stk-link stk-button stk--hover-effect-darken\" href=\"https:\/\/staging.capannamotterascio.casticino.ch\/wp-content\/uploads\/2025\/02\/Altimetria_totale.pdf\" target=\"_blank\" rel=\"noreferrer noopener\"><span class=\"stk-button__inner-text\">H\u00d6HENPROFIL VIA CRIO<\/span><\/a><\/div>\n<\/div><\/div>\n<\/div><\/div><\/div>\n<\/div><\/div>\n","protected":false},"excerpt":{"rendered":"<p>6 Vorschl\u00e4ge f\u00fcr Touren von der H\u00fctte aus Den Wanderern und Bergsteigern, denen mehrere Tage zur Verf\u00fcgung stehen, schlagen wir hier einige Wandertouren vor. Jede Tour wird euch verzaubern und erlaubt es, sich ganz und gar der Magie und Poesie der Greina hinzugeben, welche sie so einzigartig machen. Fast alle Touren beginnen und enden bei [&hellip;]<\/p>\n","protected":false},"author":2,"featured_media":0,"parent":0,"menu_order":0,"comment_status":"closed","ping_status":"closed","template":"","meta":{"pgc_sgb_lightbox_settings":"","footnotes":""},"class_list":["post-288","page","type-page","status-publish","hentry"],"_links":{"self":[{"href":"https:\/\/capannamotterascio.casticino.ch\/index.php?rest_route=\/wp\/v2\/pages\/288","targetHints":{"allow":["GET"]}}],"collection":[{"href":"https:\/\/capannamotterascio.casticino.ch\/index.php?rest_route=\/wp\/v2\/pages"}],"about":[{"href":"https:\/\/capannamotterascio.casticino.ch\/index.php?rest_route=\/wp\/v2\/types\/page"}],"author":[{"embeddable":true,"href":"https:\/\/capannamotterascio.casticino.ch\/index.php?rest_route=\/wp\/v2\/users\/2"}],"replies":[{"embeddable":true,"href":"https:\/\/capannamotterascio.casticino.ch\/index.php?rest_route=%2Fwp%2Fv2%2Fcomments&post=288"}],"version-history":[{"count":20,"href":"https:\/\/capannamotterascio.casticino.ch\/index.php?rest_route=\/wp\/v2\/pages\/288\/revisions"}],"predecessor-version":[{"id":746,"href":"https:\/\/capannamotterascio.casticino.ch\/index.php?rest_route=\/wp\/v2\/pages\/288\/revisions\/746"}],"wp:attachment":[{"href":"https:\/\/capannamotterascio.casticino.ch\/index.php?rest_route=%2Fwp%2Fv2%2Fmedia&parent=288"}],"curies":[{"name":"wp","href":"https:\/\/api.w.org\/{rel}","templated":true}]}}