{"id":217,"date":"2024-05-29T07:08:47","date_gmt":"2024-05-29T07:08:47","guid":{"rendered":"https:\/\/staging.capannamotterascio.casticino.ch\/?page_id=217"},"modified":"2026-01-28T15:23:16","modified_gmt":"2026-01-28T15:23:16","slug":"attivita-de","status":"publish","type":"page","link":"https:\/\/capannamotterascio.casticino.ch\/?page_id=217&lang=de","title":{"rendered":"ATTIVIT\u00c0 &#8211; DE"},"content":{"rendered":"\n<h3 class=\"wp-block-heading\">Die Greina hat viele Facetten.<\/h3>\n\n\n\n<div style=\"height:49px\" aria-hidden=\"true\" class=\"wp-block-spacer\"><\/div>\n\n\n\n<p>Die Greina ist\u2026<\/p>\n\n\n\n<p>\u2026 eine absolut&nbsp;<strong>einzigartige Hochebene<\/strong>, welche den Kanton Tessin und den Kanton Graub\u00fcnden verbindet und sich auf einer H\u00f6he von \u00fcber 2200 Metern \u00fcber eine L\u00e4nge von sechs und eine Breite von einem Kilometern erstreckt.<\/p>\n\n\n\n<p>\u2026 eine&nbsp;<strong>gesch\u00fctzte alpine Tundra<\/strong>, die im Bundesinventar der Landschaften und Naturdenkm\u00e4ler (BLN) aufgef\u00fchrt und somit auch von nationaler Bedeutung ist.<\/p>\n\n\n\n<p>\u2026 eine unber\u00fchrte, idyllische Region, wo nur die Crap la Crusch und der Greinapass die Pr\u00e4senz von Menschen bezeugen: ein eisernes Kreuz erinnert uns daran, dass bereits in der&nbsp;<strong>R\u00f6merzeit und im Mittelalter<\/strong>&nbsp;das Hochplateau ein wichtiges Transit- und Weidegebiet war.<\/p>\n\n\n\n<p>\u2026 Ursprung zahlreicher Quellen mit vielen kleinen Gebirgsb\u00e4chen, die frei \u00fcber die Ebene fliessend M\u00e4ander, Seitenarme und S\u00fcmpfe bilden sowie eine&nbsp;<strong>kontinentale Wasserscheide<\/strong>: der \u201eBrenno della Greina\u201c fliesst Richtung S\u00fcd und m\u00fcndet im Mittelmeer, w\u00e4hrend der \u201eRhein da Sumvitg\u201c (Reno Somvix) Richtung Nordsee fliesst.<\/p>\n\n\n\n<p>\u2026 die&nbsp;<strong>K\u00f6nigin der Kontraste<\/strong>, wo sich das Weiss der Gletscher mit den schwarz-grauen Nuancen der Mergel- und Kalkschiefer-Gesteine und dem Gr\u00fcn der Tundra abwechselt; wo die steilen Klippen von Gipfeln wie dem Piz Terri oder dem Valdraus auf die sanften Graspolster treffen, die durch die Zyklen von Einfrieren und Auftauen entstanden sind; wo eindr\u00fcckliche, hinkelstein\u00e4hnliche Karsts\u00e4ulen auf von Gletschern gegl\u00e4ttete Rundh\u00f6cker treffen.<\/p>\n\n\n\n<p>\u2026 die Wiege von unz\u00e4hligen Besonderheiten und erstaunlichen&nbsp;<strong>Naturph\u00e4nomenen<\/strong>, wie zum Beispiel der ber\u00fchmte, 40 Meter lange Natursteinbogen, die M\u00e4ander und Torfmoore, die Steins\u00e4ulen und Dolinen.<\/p>\n\n\n\n<p>Die Greina hat viele Facetten und mit ihrem Reiz schafft sie es, jeden einzelnen Besucher zu verf\u00fchren. Auch denjenigen, der sie in nur einem Tag durchwandert.<\/p>\n\n\n\n<p><strong>Aber wenn ihr den Zauber wirklich leben und euch in der Magie und Poesie dieses Ortes verlieren (oder finden) wollt\u2026. ist ein Aufenthalt von 2 (oder mehr) Tagen sehr empfehlenswert!<\/strong><\/p>\n\n\n\n<p>Auf den folgenden Seiten schlagen wir euch einige Routen und Besonderheiten vor, die an einem oder mehreren Tagen entdeckt werden k\u00f6nnen. F\u00fcr weitere Informationen z\u00f6gert nicht, uns zu kontaktieren oder fragt uns direkt bei eurer Ankunft in der H\u00fctte.<\/p>\n\n\n\n<div style=\"height:49px\" aria-hidden=\"true\" class=\"wp-block-spacer\"><\/div>\n\n\n\n<div class=\"wp-block-stackable-feature-grid alignwide stk-block-feature-grid stk-block-columns stk-block stk-b0ff95e is-style-default\" data-block-id=\"b0ff95e\"><div class=\"stk-row stk-inner-blocks has-text-align-center stk-block-content stk-content-align stk-b0ff95e-column alignwide\">\n<div class=\"wp-block-stackable-column stk-block-column stk-column stk-block stk-8b51c86\" data-v=\"4\" data-block-id=\"8b51c86\"><div class=\"stk-column-wrapper stk-block-column__content stk-container stk-8b51c86-container stk-hover-parent\"><div class=\"stk-block-content stk-inner-blocks stk-8b51c86-inner-blocks\">\n<div class=\"wp-block-stackable-image stk-block-image stk-block stk-d9bb70d\" data-block-id=\"d9bb70d\"><style>.stk-d9bb70d .stk-img-wrapper{width:92% !important;height:210px !important;}<\/style><figure><span class=\"stk-img-wrapper stk-image--shape-stretch\"><img loading=\"lazy\" decoding=\"async\" class=\"stk-img wp-image-244\" src=\"https:\/\/staging.capannamotterascio.casticino.ch\/wp-content\/uploads\/2024\/06\/att_01.jpg\" width=\"250\" height=\"188\"\/><\/span><\/figure><\/div>\n\n\n\n<div class=\"wp-block-stackable-heading stk-block-heading stk-block-heading--v2 stk-block stk-4750f15\" id=\"tageswanderung-greina-ebene-1-tag\" data-block-id=\"4750f15\"><h3 class=\"stk-block-heading__text\">Tageswanderung Greina Ebene (1 Tag)<\/h3><\/div>\n\n\n\n<div class=\"wp-block-stackable-text stk-block-text stk-block stk-e5fe4c2\" data-block-id=\"e5fe4c2\"><p class=\"stk-block-text__text\"><\/p><\/div>\n\n\n\n<div class=\"wp-block-stackable-button-group stk-block-button-group stk-block stk-bbf2d2d\" data-block-id=\"bbf2d2d\"><div class=\"stk-row stk-inner-blocks stk-block-content stk-button-group\">\n<div class=\"wp-block-stackable-button stk-block-button stk-block stk-d4d6243\" data-block-id=\"d4d6243\"><style>.stk-d4d6243 .stk-button{background:#477081 !important;}<\/style><a class=\"stk-link stk-button stk--hover-effect-darken\" href=\"https:\/\/staging.capannamotterascio.casticino.ch\/?page_id=286&amp;lang=de\" rel=\"noreferrer noopener\"><span class=\"stk-button__inner-text\">WEITER&#8230;<\/span><\/a><\/div>\n<\/div><\/div>\n<\/div><\/div><\/div>\n\n\n\n<div class=\"wp-block-stackable-column stk-block-column stk-column stk-block stk-d236663\" data-v=\"4\" data-block-id=\"d236663\"><div class=\"stk-column-wrapper stk-block-column__content stk-container stk-d236663-container stk-hover-parent\"><div class=\"stk-block-content stk-inner-blocks stk-d236663-inner-blocks\">\n<div class=\"wp-block-stackable-image stk-block-image stk-block stk-2f17abe\" data-block-id=\"2f17abe\"><figure><span class=\"stk-img-wrapper stk-image--shape-stretch\"><img loading=\"lazy\" decoding=\"async\" class=\"stk-img wp-image-245\" src=\"https:\/\/staging.capannamotterascio.casticino.ch\/wp-content\/uploads\/2024\/06\/att_02.jpg\" width=\"250\" height=\"188\"\/><\/span><\/figure><\/div>\n\n\n\n<div class=\"wp-block-stackable-heading stk-block-heading stk-block-heading--v2 stk-block stk-b8e2c8f\" id=\"5-vorschlage-fur-touren-von-der-hutte-aus-2-tages\" data-block-id=\"b8e2c8f\"><h3 class=\"stk-block-heading__text\">5 Vorschl\u00e4ge f\u00fcr Touren von der H\u00fctte aus (2 Tages)<\/h3><\/div>\n\n\n\n<div class=\"wp-block-stackable-text stk-block-text stk-block stk-67232ce\" data-block-id=\"67232ce\"><p class=\"stk-block-text__text\"><\/p><\/div>\n\n\n\n<div class=\"wp-block-stackable-button-group stk-block-button-group stk-block stk-b5e595f\" data-block-id=\"b5e595f\"><div class=\"stk-row stk-inner-blocks stk-block-content stk-button-group\">\n<div class=\"wp-block-stackable-button stk-block-button stk-block stk-ca0b7de\" data-block-id=\"ca0b7de\"><style>.stk-ca0b7de .stk-button{background:#477081 !important;}<\/style><a class=\"stk-link stk-button stk--hover-effect-darken\" href=\"https:\/\/staging.capannamotterascio.casticino.ch\/?page_id=288&amp;lang=de\" rel=\"noreferrer noopener\"><span class=\"stk-button__inner-text\">WEITER&#8230;<\/span><\/a><\/div>\n<\/div><\/div>\n<\/div><\/div><\/div>\n\n\n\n<div class=\"wp-block-stackable-column stk-block-column stk-column stk-block stk-941cef7\" data-v=\"4\" data-block-id=\"941cef7\"><div class=\"stk-column-wrapper stk-block-column__content stk-container stk-941cef7-container stk-hover-parent\"><div class=\"stk-block-content stk-inner-blocks stk-941cef7-inner-blocks\">\n<div class=\"wp-block-stackable-image stk-block-image stk-block stk-de6ce2b\" data-block-id=\"de6ce2b\"><figure><span class=\"stk-img-wrapper stk-image--shape-stretch\"><img loading=\"lazy\" decoding=\"async\" class=\"stk-img wp-image-243\" src=\"https:\/\/staging.capannamotterascio.casticino.ch\/wp-content\/uploads\/2024\/06\/att_03.jpg\" width=\"250\" height=\"188\"\/><\/span><\/figure><\/div>\n\n\n\n<div class=\"wp-block-stackable-heading stk-block-heading stk-block-heading--v2 stk-block stk-a3b73be\" id=\"3-tages-trekking-greina-alta\" data-block-id=\"a3b73be\"><h3 class=\"stk-block-heading__text\">3-Tages Trekking Greina Alta<\/h3><\/div>\n\n\n\n<div class=\"wp-block-stackable-text stk-block-text stk-block stk-8e16a17\" data-block-id=\"8e16a17\"><p class=\"stk-block-text__text\"><\/p><\/div>\n\n\n\n<div class=\"wp-block-stackable-button-group stk-block-button-group stk-block stk-102a03a\" data-block-id=\"102a03a\"><div class=\"stk-row stk-inner-blocks stk-block-content stk-button-group\">\n<div class=\"wp-block-stackable-button stk-block-button stk-block stk-aa8f98f\" data-block-id=\"aa8f98f\"><style>.stk-aa8f98f .stk-button{background:#477081 !important;}<\/style><a class=\"stk-link stk-button stk--hover-effect-darken\" href=\"https:\/\/staging.capannamotterascio.casticino.ch\/?page_id=294&amp;lang=de\" rel=\"noreferrer noopener\"><span class=\"stk-button__inner-text\">WEITER&#8230;<\/span><\/a><\/div>\n<\/div><\/div>\n<\/div><\/div><\/div>\n<\/div><\/div>\n","protected":false},"excerpt":{"rendered":"<p>Die Greina hat viele Facetten. Die Greina ist\u2026 \u2026 eine absolut&nbsp;einzigartige Hochebene, welche den Kanton Tessin und den Kanton Graub\u00fcnden verbindet und sich auf einer H\u00f6he von \u00fcber 2200 Metern \u00fcber eine L\u00e4nge von sechs und eine Breite von einem Kilometern erstreckt. \u2026 eine&nbsp;gesch\u00fctzte alpine Tundra, die im Bundesinventar der Landschaften und Naturdenkm\u00e4ler (BLN) aufgef\u00fchrt [&hellip;]<\/p>\n","protected":false},"author":2,"featured_media":0,"parent":0,"menu_order":0,"comment_status":"closed","ping_status":"closed","template":"","meta":{"pgc_sgb_lightbox_settings":"","footnotes":""},"class_list":["post-217","page","type-page","status-publish","hentry"],"_links":{"self":[{"href":"https:\/\/capannamotterascio.casticino.ch\/index.php?rest_route=\/wp\/v2\/pages\/217","targetHints":{"allow":["GET"]}}],"collection":[{"href":"https:\/\/capannamotterascio.casticino.ch\/index.php?rest_route=\/wp\/v2\/pages"}],"about":[{"href":"https:\/\/capannamotterascio.casticino.ch\/index.php?rest_route=\/wp\/v2\/types\/page"}],"author":[{"embeddable":true,"href":"https:\/\/capannamotterascio.casticino.ch\/index.php?rest_route=\/wp\/v2\/users\/2"}],"replies":[{"embeddable":true,"href":"https:\/\/capannamotterascio.casticino.ch\/index.php?rest_route=%2Fwp%2Fv2%2Fcomments&post=217"}],"version-history":[{"count":8,"href":"https:\/\/capannamotterascio.casticino.ch\/index.php?rest_route=\/wp\/v2\/pages\/217\/revisions"}],"predecessor-version":[{"id":735,"href":"https:\/\/capannamotterascio.casticino.ch\/index.php?rest_route=\/wp\/v2\/pages\/217\/revisions\/735"}],"wp:attachment":[{"href":"https:\/\/capannamotterascio.casticino.ch\/index.php?rest_route=%2Fwp%2Fv2%2Fmedia&parent=217"}],"curies":[{"name":"wp","href":"https:\/\/api.w.org\/{rel}","templated":true}]}}