{"id":18,"date":"2024-01-30T07:45:52","date_gmt":"2024-01-30T07:45:52","guid":{"rendered":"https:\/\/staging.capannamotterascio.casticino.ch\/?page_id=18"},"modified":"2026-03-12T10:34:59","modified_gmt":"2026-03-12T10:34:59","slug":"offerta","status":"publish","type":"page","link":"https:\/\/capannamotterascio.casticino.ch\/?page_id=18","title":{"rendered":"OFFERTA"},"content":{"rendered":"\n<h4 class=\"wp-block-heading\">Mangiare e Bere<\/h4>\n\n\n\n<p>La capanna \u00e8 custodita da met\u00e0 giugno a met\u00e0 ottobre. A pranzo, la terrazza soleggiata e il bel refettorio vi invitano a gustare piatti semplici e locali, caldi e freddi, godendo del panorama mozzafiato. Vi aspetta pure il buffet con le nostre torte: tutte fatte in casa.<\/p>\n\n\n\n<p>Per chi pernotta in capanna, la cena offrir\u00e0 pietanze e specialit\u00e0 in base alla disponibilit\u00e0 e all\u2019estro dello chef. Infine, una ricca colazione vi dar\u00e0 la forza necessaria per affrontare nuove avventure in montagna!<\/p>\n\n\n\n<p><strong>IMPORTANTE<\/strong>: avvisateci in tempo se siete vegetariani\/vegani o se soffrite di allergie o intolleranze. Cercheremo di prepararvi un menu che corrisponda alle vostre esigenze.<\/p>\n\n\n\n<p>Per cucinare usiamo principalmente la stufa a legna e i fornelli a gas.<\/p>\n\n\n\n<div style=\"height:70px\" aria-hidden=\"true\" class=\"wp-block-spacer\"><\/div>\n\n\n\n<h4 class=\"wp-block-heading\">Pernottamento in capanna<\/h4>\n\n\n\n<p>La capanna Michela Motterascio dispone complessivamente di 70 posti letto suddivisi in dieci camere di diverse dimensioni, con 4 fino a 12 letti ciascuna.<br>Tutti i letti sono dotati di comodi e caldi piumoni.<br><strong>\u00c8 obbligatorio l\u2019uso del sacco lenzuolo.<\/strong><br>I sacchi lenzuolo possono anche essere noleggiati o acquistati direttamente in rifugio.<\/p>\n\n\n\n<div style=\"height:70px\" aria-hidden=\"true\" class=\"wp-block-spacer\"><\/div>\n\n\n\n<h4 class=\"wp-block-heading\">Pantofole da rifugio<\/h4>\n\n\n\n<p>Le pantofole da rifugio sono disponibili in numero sufficiente e in varie misure. Le troverai subito all\u2019ingresso, nel locale scarpe. Anche per i nostri piccoli ospiti \u00e8 disponibile una selezione di pantofole.<\/p>\n\n\n\n<div style=\"height:70px\" aria-hidden=\"true\" class=\"wp-block-spacer\"><\/div>\n\n\n\n<h4 class=\"wp-block-heading\">Acqua potabile<\/h4>\n\n\n\n<p>All\u2019interno della capanna disponiamo di acqua di sorgente, potabile, disponibile finch\u00e9 la natura ce lo permette.<\/p>\n\n\n\n<div style=\"height:70px\" aria-hidden=\"true\" class=\"wp-block-spacer\"><\/div>\n\n\n\n<h4 class=\"wp-block-heading\">Servizi igienici<\/h4>\n\n\n\n<p>Tutti i servizi igienici si trovano all\u2019interno della capanna. Disponiamo di locali separati per donne e uomini, oltre a due WC in prossimit\u00e0 dei dormitori.<\/p>\n\n\n\n<p>Quando l\u2019acqua di sorgente \u00e8 sufficiente, \u00e8 possibile fare la doccia pagando un piccolo contributo.<\/p>\n\n\n\n<div style=\"height:70px\" aria-hidden=\"true\" class=\"wp-block-spacer\"><\/div>\n\n\n\n<h4 class=\"wp-block-heading\">Bambini<\/h4>\n\n\n\n<p>Anche per i pi\u00f9 piccoli la capanna offre tante occasioni di divertimento: ci sono giochi, libri, carta e matite a disposizione. Lungo il sentiero che porta al rifugio e nei dintorni, con un po\u2019 di fortuna, si possono inoltre osservare marmotte e molti altri animali nel loro ambiente naturale.<\/p>\n\n\n\n<div style=\"height:70px\" aria-hidden=\"true\" class=\"wp-block-spacer\"><\/div>\n\n\n\n<h4 class=\"wp-block-heading\">Cani<\/h4>\n\n\n\n<p>I vostri amici a quattro zampe sono benvenuti, ma non sono ammessi all\u2019interno di tutta la capanna.<br>Per la notte, i vostri amici a quattro zampe \u00e8 a disposizione la legnaia, un posto riparato e asciutto, dotato di coperta di lana e ciotole. Il cane dovr\u00e0 quindi trascorrere la notte senza compagnia.<\/p>\n\n\n\n<p>Per motivi igienici, non \u00e8 permesso ai cani accedere alle camere da letto. Grazie per la vostra comprensione.<\/p>\n\n\n\n<p>Per favore avvisateci prima se portate con voi il vostro cane. Primo arrivato, primo servito\u2026<\/p>\n\n\n\n<div style=\"height:70px\" aria-hidden=\"true\" class=\"wp-block-spacer\"><\/div>\n\n\n\n<h4 class=\"wp-block-heading\">Elettricit\u00e0<\/h4>\n\n\n\n<p>L\u2019energia elettrica \u00e8 fornita da pannelli fotovoltaici con batterie di accumulo. In caso di necessit\u00e0, \u00e8 disponibile anche un generatore di supporto.<\/p>\n\n\n\n<p>Nella sala principale trovate alcune prese di corrente per ricaricare telefoni e altri dispositivi elettronici.<\/p>\n\n\n\n<div style=\"height:70px\" aria-hidden=\"true\" class=\"wp-block-spacer\"><\/div>\n\n\n\n<h4 class=\"wp-block-heading\">Logistica<\/h4>\n\n\n\n<p>Durante l\u2019estate, la funivia per il trasporto merci agevola la logistica, anche se i voli in elicottero restano comunque indispensabili.<\/p>\n\n\n\n<p>Tutti i rifiuti devono essere riportati a valle tramite elicottero o funivia. Vi chiediamo cortesemente di portarli con voi al rientro. Grazie per la comprensione e la collaborazione.<\/p>\n\n\n\n<div style=\"height:70px\" aria-hidden=\"true\" class=\"wp-block-spacer\"><\/div>\n\n\n\n<h4 class=\"wp-block-heading\">Riservazione<\/h4>\n\n\n\n<p>Vi consigliamo vivamente di prenotare il vostro soggiorno!&nbsp; Trovate tutte le informazioni su tariffe, metodi di prenotazione e di pagamento seguendo&nbsp;<a href=\"https:\/\/staging.capannamotterascio.casticino.ch\/?page_id=12\">questo link<\/a>.<\/p>\n\n\n\n<p><\/p>\n","protected":false},"excerpt":{"rendered":"<p>Mangiare e Bere La capanna \u00e8 custodita da met\u00e0 giugno a met\u00e0 ottobre. A pranzo, la terrazza soleggiata e il bel refettorio vi invitano a gustare piatti semplici e locali, caldi e freddi, godendo del panorama mozzafiato. Vi aspetta pure il buffet con le nostre torte: tutte fatte in casa. Per chi pernotta in capanna, [&hellip;]<\/p>\n","protected":false},"author":2,"featured_media":0,"parent":0,"menu_order":0,"comment_status":"closed","ping_status":"closed","template":"","meta":{"pgc_sgb_lightbox_settings":"","footnotes":""},"class_list":["post-18","page","type-page","status-publish","hentry"],"_links":{"self":[{"href":"https:\/\/capannamotterascio.casticino.ch\/index.php?rest_route=\/wp\/v2\/pages\/18","targetHints":{"allow":["GET"]}}],"collection":[{"href":"https:\/\/capannamotterascio.casticino.ch\/index.php?rest_route=\/wp\/v2\/pages"}],"about":[{"href":"https:\/\/capannamotterascio.casticino.ch\/index.php?rest_route=\/wp\/v2\/types\/page"}],"author":[{"embeddable":true,"href":"https:\/\/capannamotterascio.casticino.ch\/index.php?rest_route=\/wp\/v2\/users\/2"}],"replies":[{"embeddable":true,"href":"https:\/\/capannamotterascio.casticino.ch\/index.php?rest_route=%2Fwp%2Fv2%2Fcomments&post=18"}],"version-history":[{"count":24,"href":"https:\/\/capannamotterascio.casticino.ch\/index.php?rest_route=\/wp\/v2\/pages\/18\/revisions"}],"predecessor-version":[{"id":768,"href":"https:\/\/capannamotterascio.casticino.ch\/index.php?rest_route=\/wp\/v2\/pages\/18\/revisions\/768"}],"wp:attachment":[{"href":"https:\/\/capannamotterascio.casticino.ch\/index.php?rest_route=%2Fwp%2Fv2%2Fmedia&parent=18"}],"curies":[{"name":"wp","href":"https:\/\/api.w.org\/{rel}","templated":true}]}}