{"id":13,"date":"2024-01-30T07:45:52","date_gmt":"2024-01-30T07:45:52","guid":{"rendered":"https:\/\/staging.capannamotterascio.casticino.ch\/?page_id=13"},"modified":"2026-01-27T10:55:59","modified_gmt":"2026-01-27T10:55:59","slug":"capanna","status":"publish","type":"page","link":"https:\/\/capannamotterascio.casticino.ch\/?page_id=13","title":{"rendered":"CAPANNA"},"content":{"rendered":"\n<h3 class=\"wp-block-heading\">Scheda informativa<\/h3>\n\n\n\n<div style=\"height:66px\" aria-hidden=\"true\" class=\"wp-block-spacer\"><\/div>\n\n\n\n<p><strong>Ubicazione<\/strong><br>La capanna Michela Motterascio (CAS Ticino) si trova a 2\u2019172 m sull\u2019Alpe Motterascio, al limite meridionale dell\u2019altipiano della Greina, in Valle di Blenio (TI). La capanna \u00e8 molto ampia e pu\u00f2 ospitare fino a 70 persone. I posti letto sono distribuiti in comode stanze da 4, 8, 10 oppure 12 occupanti. La cena e la colazione sono servite nello splendido refettorio panoramico con vetrata sulle Alpi.<\/p>\n\n\n\n<p><strong>Carte<\/strong><br>CNS 1:25&#8217;000 foglio 1233 Greina<\/p>\n\n\n\n<p>Carta scialpinistica foglio 256S<\/p>\n\n\n\n<p><strong>Coordinate<\/strong><br>720.075\/161.425<\/p>\n\n\n\n<p><strong>Infrastruttura<\/strong><br>&#8211; 70 posti letto (4&#215;4, 4&#215;8, 1&#215;10, 1&#215;12)<br>&#8211; un refettorio panoramico per 55 posti<br>&#8211; un refettorio &#8220;romantico&#8221; con 20 posti<br>&#8211; servizi interni; doccia (5 CHF)<br>&#8211; locale essicatoio<\/p>\n\n\n\n<p><strong>Copertura cellulare<\/strong><br>Nessuna ricezione.<\/p>\n\n\n\n<p><strong>Presenza guardiano<\/strong><br>Il guardiano \u00e8 presente da met\u00e0 giugno a met\u00e0 ottobre. Durante questo periodo \u00e8 attivo anche il telefono della capanna +41 (0) 91 872 16 22<\/p>\n\n\n\n<p><strong>Locale invervale:<\/strong><br>Il locale invernale \u00e8 aperto nel periodo in cui la capanna non \u00e8 costudita, disponibile da met\u00e0-ottobre a fine maggio.<br>Il locale invernale offre dieci posti letto con piumini. Sono disponibili bevande, legna e beni di prima necessit\u00e0 come sale, zucchero, caff\u00e8 in polvere, ecc. Il cibo deve essere portato da s\u00e9.<br>L\u2019acqua non \u00e8 garantita: sulla terrazza c\u2019\u00e8 una fontana, se non \u00e8 ghiacciata \u2013 altrimenti occorre sciogliere la neve.<br>Non \u00e8 presente alcun WC invernale.<\/p>\n\n\n\n<p>La riservazione del locale d\u2019inverno \u00e8 obbligatoria, tramite il sistema di riservazione online: <a href=\"https:\/\/www.hut-reservation.org\/reservation\/book-hut\/221\/wizard\">Hut Reservation<\/a>. Nella conferma di riservazione verranno date tutte le informazioni riguardo al locale d\u2019invernale.<\/p>\n\n\n\n<p>Siamo felici se, dopo aver utilizzato il locale invernale, ci fate sapere se \u00e8 andato tutto bene!<br>Quello che non sappiamo, non possiamo migliorarlo\u2026<\/p>\n\n\n\n<p><strong>Guardiano<\/strong><br>Fabio Merzaghi \u2013 6817 Maroggia +41 (0)79 727 69 05<\/p>\n\n\n\n<p><strong>Amministratori<\/strong><br>Richard Knupfer &#8211; Odogno <\/p>\n\n\n\n<p><strong>Propriet\u00e0<\/strong><br>La capanna \u00e8 di propriet\u00e0 della sezione CAS Ticino<\/p>\n","protected":false},"excerpt":{"rendered":"<p>Scheda informativa UbicazioneLa capanna Michela Motterascio (CAS Ticino) si trova a 2\u2019172 m sull\u2019Alpe Motterascio, al limite meridionale dell\u2019altipiano della Greina, in Valle di Blenio (TI). La capanna \u00e8 molto ampia e pu\u00f2 ospitare fino a 70 persone. I posti letto sono distribuiti in comode stanze da 4, 8, 10 oppure 12 occupanti. La cena [&hellip;]<\/p>\n","protected":false},"author":2,"featured_media":0,"parent":0,"menu_order":0,"comment_status":"closed","ping_status":"closed","template":"","meta":{"pgc_sgb_lightbox_settings":"","footnotes":""},"class_list":["post-13","page","type-page","status-publish","hentry"],"_links":{"self":[{"href":"https:\/\/capannamotterascio.casticino.ch\/index.php?rest_route=\/wp\/v2\/pages\/13","targetHints":{"allow":["GET"]}}],"collection":[{"href":"https:\/\/capannamotterascio.casticino.ch\/index.php?rest_route=\/wp\/v2\/pages"}],"about":[{"href":"https:\/\/capannamotterascio.casticino.ch\/index.php?rest_route=\/wp\/v2\/types\/page"}],"author":[{"embeddable":true,"href":"https:\/\/capannamotterascio.casticino.ch\/index.php?rest_route=\/wp\/v2\/users\/2"}],"replies":[{"embeddable":true,"href":"https:\/\/capannamotterascio.casticino.ch\/index.php?rest_route=%2Fwp%2Fv2%2Fcomments&post=13"}],"version-history":[{"count":11,"href":"https:\/\/capannamotterascio.casticino.ch\/index.php?rest_route=\/wp\/v2\/pages\/13\/revisions"}],"predecessor-version":[{"id":624,"href":"https:\/\/capannamotterascio.casticino.ch\/index.php?rest_route=\/wp\/v2\/pages\/13\/revisions\/624"}],"wp:attachment":[{"href":"https:\/\/capannamotterascio.casticino.ch\/index.php?rest_route=%2Fwp%2Fv2%2Fmedia&parent=13"}],"curies":[{"name":"wp","href":"https:\/\/api.w.org\/{rel}","templated":true}]}}